{"id":3103,"date":"2023-09-06T07:57:47","date_gmt":"2023-09-06T07:57:47","guid":{"rendered":"https:\/\/tadianholding.com\/yatirim-danismanligi\/"},"modified":"2023-09-06T13:58:26","modified_gmt":"2023-09-06T13:58:26","slug":"yatirim-danismanligi","status":"publish","type":"page","link":"https:\/\/tadianholding.com\/tr\/yatirim-danismanligi\/","title":{"rendered":"Yat\u0131r\u0131m Dan\u0131\u015fmanl\u0131\u011f\u0131"},"content":{"rendered":"<section class=\"wpb-content-wrapper\"><p>[vc_row bg_type=&#8221;bg_color&#8221; bg_override=&#8221;ex-full&#8221; css=&#8221;.vc_custom_1693995099062{padding-top: 200px !important;padding-bottom: 50px !important;}&#8221; el_class=&#8221;align-center-mobile&#8221; bg_color_value=&#8221;#ffffff&#8221;][vc_column css_animation=&#8221;fadeInUp&#8221;][vc_custom_heading text=&#8221;Yat\u0131r\u0131m Dan\u0131\u015fmanl\u0131\u011f\u0131 Hizmetlerimiz&#8221; font_container=&#8221;tag:h3|font_size:50px|text_align:center|color:%231b3354&#8243; use_theme_fonts=&#8221;yes&#8221; el_class=&#8221;h3-custom-css&#8221;][vc_empty_space height=&#8221;150px&#8221;][\/vc_column][vc_column css_animation=&#8221;fadeInUp&#8221; width=&#8221;1\/3&#8243;]<div class=\"aio-icon-component    style_2\"><a class=\"aio-icon-box-link\" href=\"https:\/\/tadianholding.com\/strategic-and-management-consulting\/\" title=\"Strategic and Management Consulting\" ><div id=\"Info-box-wrap-6930\" class=\"aio-icon-box tooltip-icon\" style=\"\"  ><div class=\"aio-icon-tooltip\"><div class=\"ult-just-icon-wrapper  \"><div class=\"align-icon\" style=\"text-align:center;\">\n<div class=\"aio-icon none \"  style=\"color:#aba679;font-size:65px;display:inline-block;\">\n\t<i class=\"Defaults-line-chart\"><\/i>\n<\/div><\/div><\/div><\/div><div class=\"aio-icon-header\" ><h3 class=\"aio-icon-title ult-responsive\"  data-ultimate-target='#Info-box-wrap-6930 .aio-icon-title'  data-responsive-json-new='{\"font-size\":\"desktop:17px;\",\"line-height\":\"\"}'  style=\"font-family:&#039;Montserrat&#039;;font-weight:700;color:#000000;\">Stratejik ve Y\u00f6netim Dan\u0131\u015fmanl\u0131\u011f\u0131<\/h3><\/div> <!-- header --><div class=\"aio-icon-description ult-responsive\"  data-ultimate-target='#Info-box-wrap-6930 .aio-icon-description'  data-responsive-json-new='{\"font-size\":\"desktop:15px;\",\"line-height\":\"\"}'  style=\"font-family:&#039;Muli&#039;;color:#eaeaea;\">Tadian Holding, b\u00fcy\u00fcmeyi h\u0131zland\u0131rmak, operasyonlar\u0131 d\u00fczene sokmak ve zorlu engellerin \u00fcstesinden gelmek i\u00e7in tasarlanm\u0131\u015f eksiksiz bir Stratejik ve Y\u00f6netim Dan\u0131\u015fmanl\u0131\u011f\u0131 hizmetleri yelpazesi sunmaktad\u0131r.<\/div> <!-- description --><\/div> <!-- aio-icon-box --><\/a><\/div> <!-- aio-icon-component -->[\/vc_column][vc_column css_animation=&#8221;fadeInUp&#8221; width=&#8221;1\/3&#8243;]<div class=\"aio-icon-component    style_2\"><a class=\"aio-icon-box-link\" href=\"https:\/\/orange.tadianholding.com\/\" ><div id=\"Info-box-wrap-5525\" class=\"aio-icon-box tooltip-icon\" style=\"\"  ><div class=\"aio-icon-tooltip\"><div class=\"ult-just-icon-wrapper  \"><div class=\"align-icon\" style=\"text-align:center;\">\n<div class=\"aio-icon none \"  style=\"color:#aba679;font-size:65px;display:inline-block;\">\n\t<i class=\"Defaults-home\"><\/i>\n<\/div><\/div><\/div><\/div><div class=\"aio-icon-header\" ><h3 class=\"aio-icon-title ult-responsive\"  data-ultimate-target='#Info-box-wrap-5525 .aio-icon-title'  data-responsive-json-new='{\"font-size\":\"desktop:17px;\",\"line-height\":\"\"}'  style=\"font-family:&#039;Montserrat&#039;;font-weight:700;color:#000000;\">Gayrimenkul Yat\u0131r\u0131m\u0131<\/h3><\/div> <!-- header --><div class=\"aio-icon-description ult-responsive\"  data-ultimate-target='#Info-box-wrap-5525 .aio-icon-description'  data-responsive-json-new='{\"font-size\":\"desktop:15px;\",\"line-height\":\"\"}'  style=\"font-family:&#039;Muli&#039;;color:#eaeaea;\">Tadian Emlak Hizmetleri&#8217;nde, bireylere ve yat\u0131r\u0131mc\u0131lara benzersiz ihtiya\u00e7 ve tercihlerine g\u00f6re gayrimenkul sat\u0131n alma, kiralama ve yat\u0131r\u0131m yapma konusunda yard\u0131mc\u0131 olma konusunda uzman\u0131z.<\/div> <!-- description --><\/div> <!-- aio-icon-box --><\/a><\/div> <!-- aio-icon-component -->[\/vc_column][vc_column css_animation=&#8221;fadeInUp&#8221; width=&#8221;1\/3&#8243;]<div class=\"aio-icon-component    style_2\"><a class=\"aio-icon-box-link\" href=\"https:\/\/tadianholding.com\/company-formation-in-trnc\/\" ><div id=\"Info-box-wrap-2607\" class=\"aio-icon-box tooltip-icon\" style=\"\"  ><div class=\"aio-icon-tooltip\"><div class=\"ult-just-icon-wrapper  \"><div class=\"align-icon\" style=\"text-align:center;\">\n<div class=\"aio-icon none \"  style=\"color:#aba679;font-size:65px;display:inline-block;\">\n\t<i class=\"Defaults-cogs gears\"><\/i>\n<\/div><\/div><\/div><\/div><div class=\"aio-icon-header\" ><h3 class=\"aio-icon-title ult-responsive\"  data-ultimate-target='#Info-box-wrap-2607 .aio-icon-title'  data-responsive-json-new='{\"font-size\":\"desktop:17px;\",\"line-height\":\"\"}'  style=\"font-family:&#039;Montserrat&#039;;font-weight:700;color:#000000;\">\u015eirket Tescili<\/h3><\/div> <!-- header --><div class=\"aio-icon-description ult-responsive\"  data-ultimate-target='#Info-box-wrap-2607 .aio-icon-description'  data-responsive-json-new='{\"font-size\":\"desktop:15px;\",\"line-height\":\"\"}'  style=\"font-family:&#039;Muli&#039;;color:#eaeaea;\">Kuzey K\u0131br\u0131s T\u00fcrk Cumhuriyeti&#8217;nde (KKTC) \u0130\u015f Kurma ve Vergilendirmenin Karma\u015f\u0131k Ortam\u0131nda Gezinmek \u0130\u00e7in G\u00fcvenilir Orta\u011f\u0131n\u0131z.<\/div> <!-- description --><\/div> <!-- aio-icon-box --><\/a><\/div> <!-- aio-icon-component -->[\/vc_column][\/vc_row][vc_row][vc_column width=&#8221;1\/4&#8243;][\/vc_column][vc_column css_animation=&#8221;fadeInUp&#8221; width=&#8221;1\/4&#8243;]<div class=\"aio-icon-component    style_2\"><a class=\"aio-icon-box-link\" href=\"https:\/\/tadianholding.com\/construction-advisory-services\/\" ><div id=\"Info-box-wrap-7109\" class=\"aio-icon-box tooltip-icon\" style=\"\"  ><div class=\"aio-icon-tooltip\"><div class=\"ult-just-icon-wrapper  \"><div class=\"align-icon\" style=\"text-align:center;\">\n<div class=\"aio-icon none \"  style=\"color:#aba679;font-size:65px;display:inline-block;\">\n\t<i class=\"Defaults-building-o\"><\/i>\n<\/div><\/div><\/div><\/div><div class=\"aio-icon-header\" ><h3 class=\"aio-icon-title ult-responsive\"  data-ultimate-target='#Info-box-wrap-7109 .aio-icon-title'  data-responsive-json-new='{\"font-size\":\"desktop:17px;\",\"line-height\":\"\"}'  style=\"font-family:&#039;Montserrat&#039;;font-weight:700;color:#000000;\">\u0130n\u015faat Dan\u0131\u015fmanl\u0131\u011f\u0131<\/h3><\/div> <!-- header --><div class=\"aio-icon-description ult-responsive\"  data-ultimate-target='#Info-box-wrap-7109 .aio-icon-description'  data-responsive-json-new='{\"font-size\":\"desktop:15px;\",\"line-height\":\"\"}'  style=\"font-family:&#039;Muli&#039;;color:#eaeaea;\">Tadian Holding, m\u00fc\u015fterilerimizin in\u015faat projelerini her a\u00e7\u0131dan y\u00f6nlendirmelerine yard\u0131mc\u0131 olmak i\u00e7in eksiksiz bir dan\u0131\u015fmanl\u0131k hizmetleri paketi sa\u011flama konusunda uzmanla\u015fm\u0131\u015ft\u0131r. Yetenekli personelimiz, giri\u015fimlerinizin maksimum potansiyeline ula\u015fmas\u0131n\u0131 garanti alt\u0131na almak i\u00e7in gerekli i\u00e7g\u00f6r\u00fcleri, stratejik y\u00f6nlendirmeyi ve titiz planlamay\u0131 sa\u011flamaya haz\u0131rd\u0131r.<\/div> <!-- description --><\/div> <!-- aio-icon-box --><\/a><\/div> <!-- aio-icon-component -->[\/vc_column][vc_column css_animation=&#8221;fadeInUp&#8221; width=&#8221;1\/4&#8243;]<div class=\"aio-icon-component    style_2\"><a class=\"aio-icon-box-link\" href=\"https:\/\/tadianholding.com\/company-formation-in-trnc\/\" title=\"Company Formation in TRNC\" ><div id=\"Info-box-wrap-5014\" class=\"aio-icon-box tooltip-icon\" style=\"\"  ><div class=\"aio-icon-tooltip\"><div class=\"ult-just-icon-wrapper  \"><div class=\"align-icon\" style=\"text-align:center;\">\n<div class=\"aio-icon none \"  style=\"color:#aba679;font-size:65px;display:inline-block;\">\n\t<i class=\"Defaults-cubes\"><\/i>\n<\/div><\/div><\/div><\/div><div class=\"aio-icon-header\" ><h3 class=\"aio-icon-title ult-responsive\"  data-ultimate-target='#Info-box-wrap-5014 .aio-icon-title'  data-responsive-json-new='{\"font-size\":\"desktop:17px;\",\"line-height\":\"\"}'  style=\"font-family:&#039;Montserrat&#039;;font-weight:700;color:#000000;\">Yerel Bir \u0130\u015fletme Kurmak<\/h3><\/div> <!-- header --><\/div> <!-- aio-icon-box --><\/a><\/div> <!-- aio-icon-component -->[\/vc_column][vc_column width=&#8221;1\/4&#8243;][\/vc_column][\/vc_row]<\/p>\n<\/section>","protected":false},"excerpt":{"rendered":"<p>[vc_row bg_type=&#8221;bg_color&#8221; bg_override=&#8221;ex-full&#8221; css=&#8221;.vc_custom_1693995099062{padding-top: 200px !important;padding-bottom: 50px !important;}&#8221; el_class=&#8221;align-center-mobile&#8221; bg_color_value=&#8221;#ffffff&#8221;][vc_column css_animation=&#8221;fadeInUp&#8221;][vc_custom_heading text=&#8221;Yat\u0131r\u0131m Dan\u0131\u015fmanl\u0131\u011f\u0131 Hizmetlerimiz&#8221; font_container=&#8221;tag:h3|font_size:50px|text_align:center|color:%231b3354&#8243; use_theme_fonts=&#8221;yes&#8221; el_class=&#8221;h3-custom-css&#8221;][vc_empty_space height=&#8221;150px&#8221;][\/vc_column][vc_column css_animation=&#8221;fadeInUp&#8221; width=&#8221;1\/3&#8243;][\/vc_column][vc_column css_animation=&#8221;fadeInUp&#8221; width=&#8221;1\/3&#8243;][\/vc_column][vc_column css_animation=&#8221;fadeInUp&#8221; width=&#8221;1\/3&#8243;][\/vc_column][\/vc_row][vc_row][vc_column width=&#8221;1\/4&#8243;][\/vc_column][vc_column css_animation=&#8221;fadeInUp&#8221; width=&#8221;1\/4&#8243;][\/vc_column][vc_column css_animation=&#8221;fadeInUp&#8221; width=&#8221;1\/4&#8243;][\/vc_column][vc_column width=&#8221;1\/4&#8243;][\/vc_column][\/vc_row]<\/p>\n","protected":false},"author":3,"featured_media":0,"parent":0,"menu_order":0,"comment_status":"closed","ping_status":"closed","template":"one-page-template.php","meta":{"footnotes":""},"class_list":["post-3103","page","type-page","status-publish","hentry"],"yoast_head":"<!-- This site is optimized with the Yoast SEO plugin v24.3 - https:\/\/yoast.com\/wordpress\/plugins\/seo\/ -->\n<title>Yat\u0131r\u0131m Dan\u0131\u015fmanl\u0131\u011f\u0131 - Tadian Holding<\/title>\n<meta name=\"robots\" content=\"index, follow, max-snippet:-1, max-image-preview:large, max-video-preview:-1\" \/>\n<link rel=\"canonical\" href=\"https:\/\/tadianholding.com\/tr\/yatirim-danismanligi\/\" \/>\n<meta property=\"og:locale\" content=\"tr_TR\" \/>\n<meta property=\"og:type\" content=\"article\" \/>\n<meta property=\"og:title\" content=\"Yat\u0131r\u0131m Dan\u0131\u015fmanl\u0131\u011f\u0131 - Tadian Holding\" \/>\n<meta property=\"og:description\" content=\"[vc_row bg_type=&#8221;bg_color&#8221; bg_override=&#8221;ex-full&#8221; css=&#8221;.vc_custom_1693995099062{padding-top: 200px !important;padding-bottom: 50px !important;}&#8221; el_class=&#8221;align-center-mobile&#8221; bg_color_value=&#8221;#ffffff&#8221;][vc_column css_animation=&#8221;fadeInUp&#8221;][vc_custom_heading text=&#8221;Yat\u0131r\u0131m Dan\u0131\u015fmanl\u0131\u011f\u0131 Hizmetlerimiz&#8221; font_container=&#8221;tag:h3|font_size:50px|text_align:center|color:%231b3354&#8243; use_theme_fonts=&#8221;yes&#8221; el_class=&#8221;h3-custom-css&#8221;][vc_empty_space height=&#8221;150px&#8221;][\/vc_column][vc_column css_animation=&#8221;fadeInUp&#8221; width=&#8221;1\/3&#8243;][\/vc_column][vc_column css_animation=&#8221;fadeInUp&#8221; width=&#8221;1\/3&#8243;][\/vc_column][vc_column css_animation=&#8221;fadeInUp&#8221; width=&#8221;1\/3&#8243;][\/vc_column][\/vc_row][vc_row][vc_column width=&#8221;1\/4&#8243;][\/vc_column][vc_column css_animation=&#8221;fadeInUp&#8221; width=&#8221;1\/4&#8243;][\/vc_column][vc_column css_animation=&#8221;fadeInUp&#8221; width=&#8221;1\/4&#8243;][\/vc_column][vc_column width=&#8221;1\/4&#8243;][\/vc_column][\/vc_row]\" \/>\n<meta property=\"og:url\" content=\"https:\/\/tadianholding.com\/tr\/yatirim-danismanligi\/\" \/>\n<meta property=\"og:site_name\" content=\"Tadian Holding\" \/>\n<meta property=\"article:modified_time\" content=\"2023-09-06T13:58:26+00:00\" \/>\n<meta name=\"twitter:card\" content=\"summary_large_image\" \/>\n<meta name=\"twitter:label1\" content=\"Tahmini okuma s\u00fcresi\" \/>\n\t<meta name=\"twitter:data1\" content=\"3 dakika\" \/>\n<script type=\"application\/ld+json\" class=\"yoast-schema-graph\">{\"@context\":\"https:\/\/schema.org\",\"@graph\":[{\"@type\":\"WebPage\",\"@id\":\"https:\/\/tadianholding.com\/tr\/yatirim-danismanligi\/\",\"url\":\"https:\/\/tadianholding.com\/tr\/yatirim-danismanligi\/\",\"name\":\"Yat\u0131r\u0131m Dan\u0131\u015fmanl\u0131\u011f\u0131 - Tadian Holding\",\"isPartOf\":{\"@id\":\"https:\/\/tadianholding.com\/tr\/#website\"},\"datePublished\":\"2023-09-06T07:57:47+00:00\",\"dateModified\":\"2023-09-06T13:58:26+00:00\",\"breadcrumb\":{\"@id\":\"https:\/\/tadianholding.com\/tr\/yatirim-danismanligi\/#breadcrumb\"},\"inLanguage\":\"tr\",\"potentialAction\":[{\"@type\":\"ReadAction\",\"target\":[\"https:\/\/tadianholding.com\/tr\/yatirim-danismanligi\/\"]}]},{\"@type\":\"BreadcrumbList\",\"@id\":\"https:\/\/tadianholding.com\/tr\/yatirim-danismanligi\/#breadcrumb\",\"itemListElement\":[{\"@type\":\"ListItem\",\"position\":1,\"name\":\"Home\",\"item\":\"https:\/\/tadianholding.com\/tr\/\"},{\"@type\":\"ListItem\",\"position\":2,\"name\":\"Yat\u0131r\u0131m Dan\u0131\u015fmanl\u0131\u011f\u0131\"}]},{\"@type\":\"WebSite\",\"@id\":\"https:\/\/tadianholding.com\/tr\/#website\",\"url\":\"https:\/\/tadianholding.com\/tr\/\",\"name\":\"Tadian Holding\",\"description\":\"Think infinity, Do limitless\",\"potentialAction\":[{\"@type\":\"SearchAction\",\"target\":{\"@type\":\"EntryPoint\",\"urlTemplate\":\"https:\/\/tadianholding.com\/tr\/?s={search_term_string}\"},\"query-input\":{\"@type\":\"PropertyValueSpecification\",\"valueRequired\":true,\"valueName\":\"search_term_string\"}}],\"inLanguage\":\"tr\"}]}<\/script>\n<!-- \/ Yoast SEO plugin. -->","yoast_head_json":{"title":"Yat\u0131r\u0131m Dan\u0131\u015fmanl\u0131\u011f\u0131 - Tadian Holding","robots":{"index":"index","follow":"follow","max-snippet":"max-snippet:-1","max-image-preview":"max-image-preview:large","max-video-preview":"max-video-preview:-1"},"canonical":"https:\/\/tadianholding.com\/tr\/yatirim-danismanligi\/","og_locale":"tr_TR","og_type":"article","og_title":"Yat\u0131r\u0131m Dan\u0131\u015fmanl\u0131\u011f\u0131 - Tadian Holding","og_description":"[vc_row bg_type=&#8221;bg_color&#8221; bg_override=&#8221;ex-full&#8221; css=&#8221;.vc_custom_1693995099062{padding-top: 200px !important;padding-bottom: 50px !important;}&#8221; el_class=&#8221;align-center-mobile&#8221; bg_color_value=&#8221;#ffffff&#8221;][vc_column css_animation=&#8221;fadeInUp&#8221;][vc_custom_heading text=&#8221;Yat\u0131r\u0131m Dan\u0131\u015fmanl\u0131\u011f\u0131 Hizmetlerimiz&#8221; font_container=&#8221;tag:h3|font_size:50px|text_align:center|color:%231b3354&#8243; use_theme_fonts=&#8221;yes&#8221; el_class=&#8221;h3-custom-css&#8221;][vc_empty_space height=&#8221;150px&#8221;][\/vc_column][vc_column css_animation=&#8221;fadeInUp&#8221; width=&#8221;1\/3&#8243;][\/vc_column][vc_column css_animation=&#8221;fadeInUp&#8221; width=&#8221;1\/3&#8243;][\/vc_column][vc_column css_animation=&#8221;fadeInUp&#8221; width=&#8221;1\/3&#8243;][\/vc_column][\/vc_row][vc_row][vc_column width=&#8221;1\/4&#8243;][\/vc_column][vc_column css_animation=&#8221;fadeInUp&#8221; width=&#8221;1\/4&#8243;][\/vc_column][vc_column css_animation=&#8221;fadeInUp&#8221; width=&#8221;1\/4&#8243;][\/vc_column][vc_column width=&#8221;1\/4&#8243;][\/vc_column][\/vc_row]","og_url":"https:\/\/tadianholding.com\/tr\/yatirim-danismanligi\/","og_site_name":"Tadian Holding","article_modified_time":"2023-09-06T13:58:26+00:00","twitter_card":"summary_large_image","twitter_misc":{"Tahmini okuma s\u00fcresi":"3 dakika"},"schema":{"@context":"https:\/\/schema.org","@graph":[{"@type":"WebPage","@id":"https:\/\/tadianholding.com\/tr\/yatirim-danismanligi\/","url":"https:\/\/tadianholding.com\/tr\/yatirim-danismanligi\/","name":"Yat\u0131r\u0131m Dan\u0131\u015fmanl\u0131\u011f\u0131 - Tadian Holding","isPartOf":{"@id":"https:\/\/tadianholding.com\/tr\/#website"},"datePublished":"2023-09-06T07:57:47+00:00","dateModified":"2023-09-06T13:58:26+00:00","breadcrumb":{"@id":"https:\/\/tadianholding.com\/tr\/yatirim-danismanligi\/#breadcrumb"},"inLanguage":"tr","potentialAction":[{"@type":"ReadAction","target":["https:\/\/tadianholding.com\/tr\/yatirim-danismanligi\/"]}]},{"@type":"BreadcrumbList","@id":"https:\/\/tadianholding.com\/tr\/yatirim-danismanligi\/#breadcrumb","itemListElement":[{"@type":"ListItem","position":1,"name":"Home","item":"https:\/\/tadianholding.com\/tr\/"},{"@type":"ListItem","position":2,"name":"Yat\u0131r\u0131m Dan\u0131\u015fmanl\u0131\u011f\u0131"}]},{"@type":"WebSite","@id":"https:\/\/tadianholding.com\/tr\/#website","url":"https:\/\/tadianholding.com\/tr\/","name":"Tadian Holding","description":"Think infinity, Do limitless","potentialAction":[{"@type":"SearchAction","target":{"@type":"EntryPoint","urlTemplate":"https:\/\/tadianholding.com\/tr\/?s={search_term_string}"},"query-input":{"@type":"PropertyValueSpecification","valueRequired":true,"valueName":"search_term_string"}}],"inLanguage":"tr"}]}},"_links":{"self":[{"href":"https:\/\/tadianholding.com\/tr\/wp-json\/wp\/v2\/pages\/3103","targetHints":{"allow":["GET"]}}],"collection":[{"href":"https:\/\/tadianholding.com\/tr\/wp-json\/wp\/v2\/pages"}],"about":[{"href":"https:\/\/tadianholding.com\/tr\/wp-json\/wp\/v2\/types\/page"}],"author":[{"embeddable":true,"href":"https:\/\/tadianholding.com\/tr\/wp-json\/wp\/v2\/users\/3"}],"replies":[{"embeddable":true,"href":"https:\/\/tadianholding.com\/tr\/wp-json\/wp\/v2\/comments?post=3103"}],"version-history":[{"count":2,"href":"https:\/\/tadianholding.com\/tr\/wp-json\/wp\/v2\/pages\/3103\/revisions"}],"predecessor-version":[{"id":3112,"href":"https:\/\/tadianholding.com\/tr\/wp-json\/wp\/v2\/pages\/3103\/revisions\/3112"}],"wp:attachment":[{"href":"https:\/\/tadianholding.com\/tr\/wp-json\/wp\/v2\/media?parent=3103"}],"curies":[{"name":"wp","href":"https:\/\/api.w.org\/{rel}","templated":true}]}}